{"id":216,"date":"2014-01-21T07:28:24","date_gmt":"2014-01-21T07:28:24","guid":{"rendered":"http:\/\/www.schienertechnik.net\/?page_id=8"},"modified":"2025-01-14T09:27:28","modified_gmt":"2025-01-14T09:27:28","slug":"ersatzteilverkauf","status":"publish","type":"page","link":"https:\/\/www.schienertechnik.net\/wordpress\/index.php\/ersatzteilverkauf\/","title":{"rendered":"Ersatzteilverkauf"},"content":{"rendered":"<p>Die Reparatur vieler Kleinigkeiten kann von ambitionierten Bastlern oft auch selbst durchgef\u00fchrt werden.<br \/>\nDie n\u00f6tigen Teile finden Sie in unserem umfangreichen Angebot. Viele Teile sind in unserem umfangreichen Lagerbestand auch sofort verf\u00fcgbar. Auf Wunsch versenden wir auch gegen Vorauskasse. Kontakt \u00fcber unsere Kontaktdaten auf der Hauptseite oder \u00fcber das Kontaktformular.<\/p>\n","protected":false},"excerpt":{"rendered":"<p>Die Reparatur vieler Kleinigkeiten kann von ambitionierten Bastlern oft auch selbst durchgef\u00fchrt werden. Die n\u00f6tigen Teile finden Sie in unserem umfangreichen Angebot. Viele Teile sind in unserem umfangreichen Lagerbestand auch sofort verf\u00fcgbar. Auf Wunsch versenden wir auch gegen Vorauskasse. Kontakt &hellip; <a href=\"https:\/\/www.schienertechnik.net\/wordpress\/index.php\/ersatzteilverkauf\/\">Continue reading <span class=\"meta-nav\">&rarr;<\/span><\/a><\/p>\n","protected":false},"author":1,"featured_media":0,"parent":0,"menu_order":0,"comment_status":"closed","ping_status":"open","template":"page-ersatzteilverkauf.php","meta":{"footnotes":""},"class_list":["post-216","page","type-page","status-publish","hentry"],"_links":{"self":[{"href":"https:\/\/www.schienertechnik.net\/wordpress\/index.php\/wp-json\/wp\/v2\/pages\/216","targetHints":{"allow":["GET"]}}],"collection":[{"href":"https:\/\/www.schienertechnik.net\/wordpress\/index.php\/wp-json\/wp\/v2\/pages"}],"about":[{"href":"https:\/\/www.schienertechnik.net\/wordpress\/index.php\/wp-json\/wp\/v2\/types\/page"}],"author":[{"embeddable":true,"href":"https:\/\/www.schienertechnik.net\/wordpress\/index.php\/wp-json\/wp\/v2\/users\/1"}],"replies":[{"embeddable":true,"href":"https:\/\/www.schienertechnik.net\/wordpress\/index.php\/wp-json\/wp\/v2\/comments?post=216"}],"version-history":[{"count":1,"href":"https:\/\/www.schienertechnik.net\/wordpress\/index.php\/wp-json\/wp\/v2\/pages\/216\/revisions"}],"predecessor-version":[{"id":318,"href":"https:\/\/www.schienertechnik.net\/wordpress\/index.php\/wp-json\/wp\/v2\/pages\/216\/revisions\/318"}],"wp:attachment":[{"href":"https:\/\/www.schienertechnik.net\/wordpress\/index.php\/wp-json\/wp\/v2\/media?parent=216"}],"curies":[{"name":"wp","href":"https:\/\/api.w.org\/{rel}","templated":true}]}}