{"id":215,"date":"2014-01-21T07:28:12","date_gmt":"2014-01-21T07:28:12","guid":{"rendered":"http:\/\/www.schienertechnik.net\/?page_id=7"},"modified":"2025-01-31T07:21:56","modified_gmt":"2025-01-31T07:21:56","slug":"dienstleistungen","status":"publish","type":"page","link":"https:\/\/www.schienertechnik.net\/wordpress\/index.php\/dienstleistungen\/","title":{"rendered":"Dienstleistungen"},"content":{"rendered":"<div class=\"dienleft\">\n<p><img decoding=\"async\" class=\"dienimage\" src=\"http:\/\/www.schienertechnik.net\/wordpress\/wp-content\/uploads\/2014\/02\/dien-refrigerator.png\" align=\"left\" \/><\/p>\n<div>\n<p>&nbsp;<\/p>\n<h3>Service<\/h3>\n<p>Wir sind Ihr kompetenter Partner bei Dienstleistungen um Ihre Haushaltsger\u00e4te. Gerne erledigen wir Ihre Reparaturen und das Service f\u00fcr Ihre Ger\u00e4te. Das betrifft sowohl Vorf\u00e4lle innerhalb der Garantiezeit als auch bei abgelaufener Garantie. Unser Team steht Ihnen zu den \u00d6ffnungszeiten auch pers\u00f6nlich zur Verf\u00fcgung. Au\u00dferhalb der \u00d6ffnungszeiten kontaktieren Sie uns bitte \u00fcber das Kontaktformular oder hinterlassen Sie uns eine Nachricht per Telefon, wir rufen Sie verbindlich zur\u00fcck.<\/p>\n<\/div>\n<\/div>\n","protected":false},"excerpt":{"rendered":"<p>&nbsp; Service Wir sind Ihr kompetenter Partner bei Dienstleistungen um Ihre Haushaltsger\u00e4te. Gerne erledigen wir Ihre Reparaturen und das Service f\u00fcr Ihre Ger\u00e4te. Das betrifft sowohl Vorf\u00e4lle innerhalb der Garantiezeit als auch bei abgelaufener Garantie. Unser Team steht Ihnen zu &hellip; <a href=\"https:\/\/www.schienertechnik.net\/wordpress\/index.php\/dienstleistungen\/\">Continue reading <span class=\"meta-nav\">&rarr;<\/span><\/a><\/p>\n","protected":false},"author":1,"featured_media":0,"parent":0,"menu_order":0,"comment_status":"closed","ping_status":"open","template":"page-dienstleistungen.php","meta":{"footnotes":""},"class_list":["post-215","page","type-page","status-publish","hentry"],"_links":{"self":[{"href":"https:\/\/www.schienertechnik.net\/wordpress\/index.php\/wp-json\/wp\/v2\/pages\/215","targetHints":{"allow":["GET"]}}],"collection":[{"href":"https:\/\/www.schienertechnik.net\/wordpress\/index.php\/wp-json\/wp\/v2\/pages"}],"about":[{"href":"https:\/\/www.schienertechnik.net\/wordpress\/index.php\/wp-json\/wp\/v2\/types\/page"}],"author":[{"embeddable":true,"href":"https:\/\/www.schienertechnik.net\/wordpress\/index.php\/wp-json\/wp\/v2\/users\/1"}],"replies":[{"embeddable":true,"href":"https:\/\/www.schienertechnik.net\/wordpress\/index.php\/wp-json\/wp\/v2\/comments?post=215"}],"version-history":[{"count":2,"href":"https:\/\/www.schienertechnik.net\/wordpress\/index.php\/wp-json\/wp\/v2\/pages\/215\/revisions"}],"predecessor-version":[{"id":323,"href":"https:\/\/www.schienertechnik.net\/wordpress\/index.php\/wp-json\/wp\/v2\/pages\/215\/revisions\/323"}],"wp:attachment":[{"href":"https:\/\/www.schienertechnik.net\/wordpress\/index.php\/wp-json\/wp\/v2\/media?parent=215"}],"curies":[{"name":"wp","href":"https:\/\/api.w.org\/{rel}","templated":true}]}}