{"id":214,"date":"2014-01-21T07:27:54","date_gmt":"2014-01-21T07:27:54","guid":{"rendered":"http:\/\/www.schienertechnik.net\/?page_id=6"},"modified":"2025-01-14T09:27:45","modified_gmt":"2025-01-14T09:27:45","slug":"uber-uns","status":"publish","type":"page","link":"https:\/\/www.schienertechnik.net\/wordpress\/index.php\/uber-uns\/","title":{"rendered":"\u00dcber uns"},"content":{"rendered":"<div class=\"uberuns_page\">\n<p><img decoding=\"async\" src=\"http:\/\/www.schienertechnik.net\/wordpress\/wp-content\/uploads\/2014\/01\/uberuns_img.jpg\" alt=\"\" \/><\/p>\n<div class=\"uberuns_text\">\n<p>Von Retz, der bekannten Weinstadt, im n\u00f6rdlichen Nieder\u00f6sterreich aus betreuen wir Sie und Ihre Haushaltsger\u00e4te seit \u00fcber 20 Jahren kompetent und mit dem pers\u00f6nlichen Extra.<\/p>\n<p>Emmerich Schiener, der Gr\u00fcnder der schiener technik GmbH, ist nach wie vor mit seinen 40 Jahren Branchenerfahrung f\u00fcr Sie und Ihre Anliegen verf\u00fcgbar und ber\u00e4t Sie auch pers\u00f6nlich bei Ihren Problemen und W\u00fcnschen rund um Ihre Haushaltsger\u00e4te unserer Vertragsmarken. Der Ausfall eines Haushaltsger\u00e4tes ist immer besonders \u00e4rgerlich und passiert oft auch wenn man es gerade am wenigsten erwartet. Unser Ziel ist es, durch unseren Einsatz, Ihre Ger\u00e4te so schnell wie m\u00f6glich wieder verwendungsfertig zu haben und durch eine qualitativ hochwertige Reparatur mit Originalersatzteilen auch die langfristige Funktion zu gew\u00e4hrleisten.<\/p>\n<div class=\"uberuns_bot\">\n<h4>Service<\/h4>\n<p>Unsere Techniker sind von Montag bis Freitag im n\u00f6rdlichen Nieder\u00f6sterreich f\u00fcr Sie unterwegs. Wir k\u00fcmmern uns um Ihre Garantief\u00e4lle und auch zu einem guten Preis\/Leistungsverh\u00e4ltnis um Ihre Reparaturen bei bereits abgelaufener Garantie.<\/p>\n<\/div>\n<\/div>\n<\/div>\n","protected":false},"excerpt":{"rendered":"<p>Von Retz, der bekannten Weinstadt, im n\u00f6rdlichen Nieder\u00f6sterreich aus betreuen wir Sie und Ihre Haushaltsger\u00e4te seit \u00fcber 20 Jahren kompetent und mit dem pers\u00f6nlichen Extra. Emmerich Schiener, der Gr\u00fcnder der schiener technik GmbH, ist nach wie vor mit seinen 40 &hellip; <a href=\"https:\/\/www.schienertechnik.net\/wordpress\/index.php\/uber-uns\/\">Continue reading <span class=\"meta-nav\">&rarr;<\/span><\/a><\/p>\n","protected":false},"author":1,"featured_media":0,"parent":0,"menu_order":0,"comment_status":"closed","ping_status":"open","template":"","meta":{"footnotes":""},"class_list":["post-214","page","type-page","status-publish","hentry"],"_links":{"self":[{"href":"https:\/\/www.schienertechnik.net\/wordpress\/index.php\/wp-json\/wp\/v2\/pages\/214","targetHints":{"allow":["GET"]}}],"collection":[{"href":"https:\/\/www.schienertechnik.net\/wordpress\/index.php\/wp-json\/wp\/v2\/pages"}],"about":[{"href":"https:\/\/www.schienertechnik.net\/wordpress\/index.php\/wp-json\/wp\/v2\/types\/page"}],"author":[{"embeddable":true,"href":"https:\/\/www.schienertechnik.net\/wordpress\/index.php\/wp-json\/wp\/v2\/users\/1"}],"replies":[{"embeddable":true,"href":"https:\/\/www.schienertechnik.net\/wordpress\/index.php\/wp-json\/wp\/v2\/comments?post=214"}],"version-history":[{"count":1,"href":"https:\/\/www.schienertechnik.net\/wordpress\/index.php\/wp-json\/wp\/v2\/pages\/214\/revisions"}],"predecessor-version":[{"id":305,"href":"https:\/\/www.schienertechnik.net\/wordpress\/index.php\/wp-json\/wp\/v2\/pages\/214\/revisions\/305"}],"wp:attachment":[{"href":"https:\/\/www.schienertechnik.net\/wordpress\/index.php\/wp-json\/wp\/v2\/media?parent=214"}],"curies":[{"name":"wp","href":"https:\/\/api.w.org\/{rel}","templated":true}]}}